{"id":25269,"date":"2025-10-14T13:25:02","date_gmt":"2025-10-14T12:25:02","guid":{"rendered":"https:\/\/www.citylabcosmetics.com\/?post_type=product&#038;p=25269"},"modified":"2026-01-27T10:06:34","modified_gmt":"2026-01-27T09:06:34","slug":"dischetti-struccanti","status":"publish","type":"product","link":"https:\/\/www.citylabcosmetics.com\/en\/prodotto\/dischetti-struccanti\/","title":{"rendered":"Dischetti struccanti"},"content":{"rendered":"<div data-olk-copy-source=\"MessageBody\">\n<h3>BENEFICI<\/h3>\n<\/div>\n<div class=\"x_elementToProof\" data-olk-copy-source=\"MessageBody\">Un\u2019alternativa sostenibile ai\u00a0<span class=\"markfw6d2iybn\" data-markjs=\"true\" data-ogac=\"\" data-ogab=\"\" data-ogsc=\"\" data-ogsb=\"\">dischetti<\/span>\u00a0usa e getta, pensata per accompagnare la tua skincare quotidiana in modo delicato ed ecologico. Il set comprende 7\u00a0<span class=\"markfw6d2iybn\" data-markjs=\"true\" data-ogac=\"\" data-ogab=\"\" data-ogsc=\"\" data-ogsb=\"\">dischetti<\/span>\u00a0in spugna di bamboo, uno per ogni giorno della settimana, morbidi sulla pelle e resistenti ai lavaggi.<\/div>\n<div class=\"x_elementToProof\">Il retro \u00e8 realizzato con tessuti di recupero, per dare nuova vita a materiali gi\u00e0 esistenti e ridurre gli sprechi. Ogni pezzo \u00e8 quindi unico e racconta una storia diversa.<\/div>\n<div class=\"x_elementToProof\">I\u00a0<span class=\"markfw6d2iybn\" data-markjs=\"true\" data-ogac=\"\" data-ogab=\"\" data-ogsc=\"\" data-ogsb=\"\">dischetti<\/span>\u00a0sono creati artigianalmente da\u00a0Ilaria\u00a0di\u00a0Pianob, sarta milanese che unisce cura del dettaglio e attenzione all\u2019ambiente, trasformando la routine di bellezza in un gesto consapevole.<\/div>\n","protected":false},"excerpt":{"rendered":"<p>Set di 7 dischetti in spugna di bamboo, morbidi, lavabili e perfetti per una skincare quotidiana delicata ed ecologica.<\/p>\n","protected":false},"featured_media":25280,"template":"","meta":{"inline_featured_image":false,"site-sidebar-layout":"default","site-content-layout":"","ast-site-content-layout":"default","site-content-style":"default","site-sidebar-style":"default","ast-global-header-display":"","ast-banner-title-visibility":"","ast-main-header-display":"","ast-hfb-above-header-display":"","ast-hfb-below-header-display":"","ast-hfb-mobile-header-display":"","site-post-title":"","ast-breadcrumbs-content":"","ast-featured-img":"","footer-sml-layout":"","theme-transparent-header-meta":"default","adv-header-id-meta":"","stick-header-meta":"","header-above-stick-meta":"","header-main-stick-meta":"","header-below-stick-meta":"","astra-migrate-meta-layouts":"set","ast-page-background-enabled":"default","ast-page-background-meta":{"desktop":{"background-color":"var(--ast-global-color-4)","background-image":"","background-repeat":"repeat","background-position":"center center","background-size":"auto","background-attachment":"scroll","background-type":"","background-media":"","overlay-type":"","overlay-color":"","overlay-opacity":"","overlay-gradient":""},"tablet":{"background-color":"","background-image":"","background-repeat":"repeat","background-position":"center center","background-size":"auto","background-attachment":"scroll","background-type":"","background-media":"","overlay-type":"","overlay-color":"","overlay-opacity":"","overlay-gradient":""},"mobile":{"background-color":"","background-image":"","background-repeat":"repeat","background-position":"center center","background-size":"auto","background-attachment":"scroll","background-type":"","background-media":"","overlay-type":"","overlay-color":"","overlay-opacity":"","overlay-gradient":""}},"ast-content-background-meta":{"desktop":{"background-color":"var(--ast-global-color-5)","background-image":"","background-repeat":"repeat","background-position":"center center","background-size":"auto","background-attachment":"scroll","background-type":"","background-media":"","overlay-type":"","overlay-color":"","overlay-opacity":"","overlay-gradient":""},"tablet":{"background-color":"var(--ast-global-color-5)","background-image":"","background-repeat":"repeat","background-position":"center center","background-size":"auto","background-attachment":"scroll","background-type":"","background-media":"","overlay-type":"","overlay-color":"","overlay-opacity":"","overlay-gradient":""},"mobile":{"background-color":"var(--ast-global-color-5)","background-image":"","background-repeat":"repeat","background-position":"center center","background-size":"auto","background-attachment":"scroll","background-type":"","background-media":"","overlay-type":"","overlay-color":"","overlay-opacity":"","overlay-gradient":""}}},"product_brand":[],"product_cat":[329,341,331],"product_tag":[],"giftcard-category":[],"class_list":{"0":"post-25269","1":"product","2":"type-product","3":"status-publish","4":"has-post-thumbnail","6":"product_cat-beauty-market","7":"product_cat-feed-adtraction","8":"product_cat-skincare","9":"desktop-align-left","10":"tablet-align-left","11":"mobile-align-left","13":"first","14":"instock","15":"shipping-taxable","16":"purchasable","17":"product-type-simple"},"yoast_head":"<!-- This site is optimized with the Yoast SEO plugin v27.3 - https:\/\/yoast.com\/product\/yoast-seo-wordpress\/ -->\n<title>Dischetti struccanti - CITY LAB Cosmetics<\/title>\n<meta name=\"description\" content=\"Set di 7 dischetti in spugna di bamboo, morbidi, lavabili e perfetti per una skincare quotidiana delicata ed ecologica.\" \/>\n<meta name=\"robots\" content=\"index, follow, max-snippet:-1, max-image-preview:large, max-video-preview:-1\" \/>\n<link rel=\"canonical\" href=\"https:\/\/www.citylabcosmetics.com\/en\/prodotto\/dischetti-struccanti\/\" \/>\n<meta property=\"og:locale\" content=\"en_US\" \/>\n<meta property=\"og:type\" content=\"article\" \/>\n<meta property=\"og:title\" content=\"Dischetti struccanti - CITY LAB Cosmetics\" \/>\n<meta property=\"og:description\" content=\"Set di 7 dischetti in spugna di bamboo, morbidi, lavabili e perfetti per una skincare quotidiana delicata ed ecologica.\" \/>\n<meta property=\"og:url\" content=\"https:\/\/www.citylabcosmetics.com\/en\/prodotto\/dischetti-struccanti\/\" \/>\n<meta property=\"og:site_name\" content=\"CITY LAB Cosmetics\" \/>\n<meta property=\"article:modified_time\" content=\"2026-01-27T09:06:34+00:00\" \/>\n<meta property=\"og:image\" content=\"https:\/\/www.citylabcosmetics.com\/wp-content\/uploads\/2025\/10\/7Y3A4929-2931-scaled.jpg\" \/>\n\t<meta property=\"og:image:width\" content=\"2560\" \/>\n\t<meta property=\"og:image:height\" content=\"2547\" \/>\n\t<meta property=\"og:image:type\" content=\"image\/jpeg\" \/>\n<meta name=\"twitter:card\" content=\"summary_large_image\" \/>\n<meta name=\"twitter:label1\" content=\"Est. reading time\" \/>\n\t<meta name=\"twitter:data1\" content=\"1 minute\" \/>\n<script type=\"application\/ld+json\" class=\"yoast-schema-graph\">{\"@context\":\"https:\\\/\\\/schema.org\",\"@graph\":[{\"@type\":\"WebPage\",\"@id\":\"https:\\\/\\\/www.citylabcosmetics.com\\\/en\\\/prodotto\\\/dischetti-struccanti\\\/\",\"url\":\"https:\\\/\\\/www.citylabcosmetics.com\\\/en\\\/prodotto\\\/dischetti-struccanti\\\/\",\"name\":\"Dischetti struccanti - CITY LAB Cosmetics\",\"isPartOf\":{\"@id\":\"https:\\\/\\\/www.citylabcosmetics.com\\\/en\\\/#website\"},\"primaryImageOfPage\":{\"@id\":\"https:\\\/\\\/www.citylabcosmetics.com\\\/en\\\/prodotto\\\/dischetti-struccanti\\\/#primaryimage\"},\"image\":{\"@id\":\"https:\\\/\\\/www.citylabcosmetics.com\\\/en\\\/prodotto\\\/dischetti-struccanti\\\/#primaryimage\"},\"thumbnailUrl\":\"https:\\\/\\\/www.citylabcosmetics.com\\\/wp-content\\\/uploads\\\/2025\\\/10\\\/7Y3A4929-2931-scaled.jpg\",\"datePublished\":\"2025-10-14T12:25:02+00:00\",\"dateModified\":\"2026-01-27T09:06:34+00:00\",\"description\":\"Set di 7 dischetti in spugna di bamboo, morbidi, lavabili e perfetti per una skincare quotidiana delicata ed ecologica.\",\"breadcrumb\":{\"@id\":\"https:\\\/\\\/www.citylabcosmetics.com\\\/en\\\/prodotto\\\/dischetti-struccanti\\\/#breadcrumb\"},\"inLanguage\":\"en-US\",\"potentialAction\":[{\"@type\":\"ReadAction\",\"target\":[\"https:\\\/\\\/www.citylabcosmetics.com\\\/en\\\/prodotto\\\/dischetti-struccanti\\\/\"]}]},{\"@type\":\"ImageObject\",\"inLanguage\":\"en-US\",\"@id\":\"https:\\\/\\\/www.citylabcosmetics.com\\\/en\\\/prodotto\\\/dischetti-struccanti\\\/#primaryimage\",\"url\":\"https:\\\/\\\/www.citylabcosmetics.com\\\/wp-content\\\/uploads\\\/2025\\\/10\\\/7Y3A4929-2931-scaled.jpg\",\"contentUrl\":\"https:\\\/\\\/www.citylabcosmetics.com\\\/wp-content\\\/uploads\\\/2025\\\/10\\\/7Y3A4929-2931-scaled.jpg\",\"width\":2560,\"height\":2547},{\"@type\":\"BreadcrumbList\",\"@id\":\"https:\\\/\\\/www.citylabcosmetics.com\\\/en\\\/prodotto\\\/dischetti-struccanti\\\/#breadcrumb\",\"itemListElement\":[{\"@type\":\"ListItem\",\"position\":1,\"name\":\"Home\",\"item\":\"https:\\\/\\\/www.citylabcosmetics.com\\\/en\\\/\"},{\"@type\":\"ListItem\",\"position\":2,\"name\":\"Shop\",\"item\":\"https:\\\/\\\/www.citylabcosmetics.com\\\/en\\\/shop\\\/\"},{\"@type\":\"ListItem\",\"position\":3,\"name\":\"Dischetti struccanti\"}]},{\"@type\":\"WebSite\",\"@id\":\"https:\\\/\\\/www.citylabcosmetics.com\\\/en\\\/#website\",\"url\":\"https:\\\/\\\/www.citylabcosmetics.com\\\/en\\\/\",\"name\":\"CITY LAB Cosmetics\",\"description\":\"A new experience in cosmetics world\",\"potentialAction\":[{\"@type\":\"SearchAction\",\"target\":{\"@type\":\"EntryPoint\",\"urlTemplate\":\"https:\\\/\\\/www.citylabcosmetics.com\\\/en\\\/?s={search_term_string}\"},\"query-input\":{\"@type\":\"PropertyValueSpecification\",\"valueRequired\":true,\"valueName\":\"search_term_string\"}}],\"inLanguage\":\"en-US\"}]}<\/script>\n<!-- \/ Yoast SEO plugin. -->","yoast_head_json":{"title":"Dischetti struccanti - CITY LAB Cosmetics","description":"Set di 7 dischetti in spugna di bamboo, morbidi, lavabili e perfetti per una skincare quotidiana delicata ed ecologica.","robots":{"index":"index","follow":"follow","max-snippet":"max-snippet:-1","max-image-preview":"max-image-preview:large","max-video-preview":"max-video-preview:-1"},"canonical":"https:\/\/www.citylabcosmetics.com\/en\/prodotto\/dischetti-struccanti\/","og_locale":"en_US","og_type":"article","og_title":"Dischetti struccanti - CITY LAB Cosmetics","og_description":"Set di 7 dischetti in spugna di bamboo, morbidi, lavabili e perfetti per una skincare quotidiana delicata ed ecologica.","og_url":"https:\/\/www.citylabcosmetics.com\/en\/prodotto\/dischetti-struccanti\/","og_site_name":"CITY LAB Cosmetics","article_modified_time":"2026-01-27T09:06:34+00:00","og_image":[{"width":2560,"height":2547,"url":"https:\/\/www.citylabcosmetics.com\/wp-content\/uploads\/2025\/10\/7Y3A4929-2931-scaled.jpg","type":"image\/jpeg"}],"twitter_card":"summary_large_image","twitter_misc":{"Est. reading time":"1 minute"},"schema":{"@context":"https:\/\/schema.org","@graph":[{"@type":"WebPage","@id":"https:\/\/www.citylabcosmetics.com\/en\/prodotto\/dischetti-struccanti\/","url":"https:\/\/www.citylabcosmetics.com\/en\/prodotto\/dischetti-struccanti\/","name":"Dischetti struccanti - CITY LAB Cosmetics","isPartOf":{"@id":"https:\/\/www.citylabcosmetics.com\/en\/#website"},"primaryImageOfPage":{"@id":"https:\/\/www.citylabcosmetics.com\/en\/prodotto\/dischetti-struccanti\/#primaryimage"},"image":{"@id":"https:\/\/www.citylabcosmetics.com\/en\/prodotto\/dischetti-struccanti\/#primaryimage"},"thumbnailUrl":"https:\/\/www.citylabcosmetics.com\/wp-content\/uploads\/2025\/10\/7Y3A4929-2931-scaled.jpg","datePublished":"2025-10-14T12:25:02+00:00","dateModified":"2026-01-27T09:06:34+00:00","description":"Set di 7 dischetti in spugna di bamboo, morbidi, lavabili e perfetti per una skincare quotidiana delicata ed ecologica.","breadcrumb":{"@id":"https:\/\/www.citylabcosmetics.com\/en\/prodotto\/dischetti-struccanti\/#breadcrumb"},"inLanguage":"en-US","potentialAction":[{"@type":"ReadAction","target":["https:\/\/www.citylabcosmetics.com\/en\/prodotto\/dischetti-struccanti\/"]}]},{"@type":"ImageObject","inLanguage":"en-US","@id":"https:\/\/www.citylabcosmetics.com\/en\/prodotto\/dischetti-struccanti\/#primaryimage","url":"https:\/\/www.citylabcosmetics.com\/wp-content\/uploads\/2025\/10\/7Y3A4929-2931-scaled.jpg","contentUrl":"https:\/\/www.citylabcosmetics.com\/wp-content\/uploads\/2025\/10\/7Y3A4929-2931-scaled.jpg","width":2560,"height":2547},{"@type":"BreadcrumbList","@id":"https:\/\/www.citylabcosmetics.com\/en\/prodotto\/dischetti-struccanti\/#breadcrumb","itemListElement":[{"@type":"ListItem","position":1,"name":"Home","item":"https:\/\/www.citylabcosmetics.com\/en\/"},{"@type":"ListItem","position":2,"name":"Shop","item":"https:\/\/www.citylabcosmetics.com\/en\/shop\/"},{"@type":"ListItem","position":3,"name":"Dischetti struccanti"}]},{"@type":"WebSite","@id":"https:\/\/www.citylabcosmetics.com\/en\/#website","url":"https:\/\/www.citylabcosmetics.com\/en\/","name":"CITY LAB Cosmetics","description":"A new experience in cosmetics world","potentialAction":[{"@type":"SearchAction","target":{"@type":"EntryPoint","urlTemplate":"https:\/\/www.citylabcosmetics.com\/en\/?s={search_term_string}"},"query-input":{"@type":"PropertyValueSpecification","valueRequired":true,"valueName":"search_term_string"}}],"inLanguage":"en-US"}]}},"_links":{"self":[{"href":"https:\/\/www.citylabcosmetics.com\/en\/wp-json\/wp\/v2\/product\/25269","targetHints":{"allow":["GET"]}}],"collection":[{"href":"https:\/\/www.citylabcosmetics.com\/en\/wp-json\/wp\/v2\/product"}],"about":[{"href":"https:\/\/www.citylabcosmetics.com\/en\/wp-json\/wp\/v2\/types\/product"}],"wp:featuredmedia":[{"embeddable":true,"href":"https:\/\/www.citylabcosmetics.com\/en\/wp-json\/wp\/v2\/media\/25280"}],"wp:attachment":[{"href":"https:\/\/www.citylabcosmetics.com\/en\/wp-json\/wp\/v2\/media?parent=25269"}],"wp:term":[{"taxonomy":"product_brand","embeddable":true,"href":"https:\/\/www.citylabcosmetics.com\/en\/wp-json\/wp\/v2\/product_brand?post=25269"},{"taxonomy":"product_cat","embeddable":true,"href":"https:\/\/www.citylabcosmetics.com\/en\/wp-json\/wp\/v2\/product_cat?post=25269"},{"taxonomy":"product_tag","embeddable":true,"href":"https:\/\/www.citylabcosmetics.com\/en\/wp-json\/wp\/v2\/product_tag?post=25269"},{"taxonomy":"giftcard-category","embeddable":true,"href":"https:\/\/www.citylabcosmetics.com\/en\/wp-json\/wp\/v2\/giftcard-category?post=25269"}],"curies":[{"name":"wp","href":"https:\/\/api.w.org\/{rel}","templated":true}]}}